{"id":9667,"date":"2025-08-04T05:23:53","date_gmt":"2025-08-04T05:23:53","guid":{"rendered":"https:\/\/wintercafe.fr\/?page_id=9667"},"modified":"2025-08-05T10:56:46","modified_gmt":"2025-08-05T10:56:46","slug":"cgv-cgu","status":"publish","type":"page","link":"https:\/\/wintercafe.fr\/en\/cgv-cgu\/","title":{"rendered":"CGV \/ CGU"},"content":{"rendered":"<div data-elementor-type=\"wp-page\" data-elementor-id=\"9667\" class=\"elementor elementor-9667\">\n\t\t\t\t<div class=\"elementor-element elementor-element-160fda8 e-flex e-con-boxed e-con e-parent\" data-id=\"160fda8\" data-element_type=\"container\" data-e-type=\"container\">\n\t\t\t\t\t<div class=\"e-con-inner\">\n\t\t\t\t<div class=\"elementor-element elementor-element-b71418e elementor-widget elementor-widget-text-editor\" data-id=\"b71418e\" data-element_type=\"widget\" data-e-type=\"widget\" data-widget_type=\"text-editor.default\">\n\t\t\t\t<div class=\"elementor-widget-container\">\n\t\t\t\t\t\t\t\t\t<h3>Conditions G\u00e9n\u00e9rales de Vente (CGV)<\/h3><p>\u00a0<\/p><h4>1. Objet<\/h4><p dir=\"auto\">Les pr\u00e9sentes Conditions G\u00e9n\u00e9rales de Vente (CGV) ont pour objet de d\u00e9finir les droits et obligations des parties dans le cadre de la vente en ligne de produits alimentaires propos\u00e9s par SARL Winter sur le site internet <a class=\"\" href=\"https:\/\/wintercafe.fr\/en\/\" target=\"_blank\" rel=\"nofollow noopener noreferrer external\">https:\/\/wintercafe.fr<\/a>.<\/p><h4>2. Produits<\/h4><p dir=\"auto\">Les produits propos\u00e9s \u00e0 la vente sont les suivants : Pizza, Burger, Finger Food, Kebab, Dessert, Boissons fra\u00eeches, Boissons chaudes et Alcool.<\/p><h4>3. Commande<\/h4><p dir=\"auto\">Le Client choisit un Produit qu&rsquo;il met dans son panier. Le Client pourra supprimer ou modifier le Produit en cliquant sur \u00ab\u00a0voir mon panier\u00a0\u00bb avant de valider sa commande et d&rsquo;accepter les pr\u00e9sentes conditions g\u00e9n\u00e9rales de vente. Il rentrera ensuite ses coordonn\u00e9es ou se connectera \u00e0 son espace et choisira le mode de livraison. Apr\u00e8s validation des informations, la commande sera consid\u00e9r\u00e9e comme d\u00e9finitive et exigera paiement de la part du Client selon les modalit\u00e9s pr\u00e9vues.<\/p><h4>4. Prix<\/h4><p dir=\"auto\">Les prix des produits sont indiqu\u00e9s en euros toutes taxes comprises. Les frais de livraison sont \u00e0 la charge du Client et sont indiqu\u00e9s avant la validation de la commande.<\/p><h4>5. Paiement<\/h4><p dir=\"auto\">Les moyens de paiement accept\u00e9s sont les cartes Visa et MasterCard, ainsi que Google Pay et Apple Pay. Le paiement est exig\u00e9 au moment de la validation de la commande.<\/p><h4>6. Livraison<\/h4><p dir=\"auto\">La livraison des produits est effectu\u00e9e \u00e0 l&rsquo;adresse indiqu\u00e9e par le Client lors de la commande. Les d\u00e9lais de livraison sont indiqu\u00e9s lors de la validation de la commande.<\/p><h4>7. R\u00e9clamations<\/h4><p dir=\"auto\">Les r\u00e9clamations doivent \u00eatre effectu\u00e9es dans les 2 heures suivant la r\u00e9ception de la commande, par t\u00e9l\u00e9phone au 09 73 10 84 38 ou par email \u00e0 <a class=\"\" href=\"mailto:jmoga73@gmail.com\" target=\"_blank\" rel=\"nofollow noopener noreferrer external\">jmoga73@gmail.com<\/a>.<\/p><h4>8. Protection des donn\u00e9es<\/h4><p dir=\"auto\">Les donn\u00e9es personnelles du Client sont conserv\u00e9es uniquement pour les besoins du site et seront effac\u00e9es au bout d&rsquo;une semaine (7 jours).<\/p><h3>Conditions G\u00e9n\u00e9rales d&rsquo;Utilisation (CGU)<\/h3><h4>1. Objet<\/h4><p dir=\"auto\">Les pr\u00e9sentes Conditions G\u00e9n\u00e9rales d&rsquo;Utilisation (CGU) ont pour objet de d\u00e9finir les conditions d&rsquo;utilisation du site internet <a class=\"\" href=\"https:\/\/wintercafe.fr\/en\/\" target=\"_blank\" rel=\"nofollow noopener noreferrer external\">https:\/\/wintercafe.fr<\/a> propos\u00e9 par SARL Winter.<\/p><h4>2. Acceptation des CGU<\/h4><p dir=\"auto\">L&rsquo;utilisation du site implique l&rsquo;acceptation pleine et enti\u00e8re des pr\u00e9sentes CGU. SARL Winter se r\u00e9serve le droit de modifier \u00e0 tout moment les pr\u00e9sentes CGU.<\/p><h4>3. Acc\u00e8s au site<\/h4><p dir=\"auto\">L&rsquo;acc\u00e8s au site est r\u00e9serv\u00e9 aux utilisateurs majeurs et capables juridiquement. SARL Winter se r\u00e9serve le droit de suspendre ou d&rsquo;interrompre l&rsquo;acc\u00e8s au site \u00e0 tout moment et sans pr\u00e9avis.<\/p><h4>4. Propri\u00e9t\u00e9 intellectuelle<\/h4><p dir=\"auto\">Le contenu du site (textes, images, graphismes, logos, etc.) est prot\u00e9g\u00e9 par le droit d&rsquo;auteur et appartient \u00e0 SARL Winter. Toute reproduction ou utilisation non autoris\u00e9e du contenu du site est interdite.<\/p><h4>5. Responsabilit\u00e9<\/h4><p dir=\"auto\">SARL Winter ne saurait \u00eatre tenue pour responsable des dommages directs ou indirects r\u00e9sultant de l&rsquo;utilisation du site ou de l&rsquo;impossibilit\u00e9 d&rsquo;y acc\u00e9der.<\/p><h4>6. Donn\u00e9es personnelles<\/h4><p dir=\"auto\">Les donn\u00e9es personnelles des utilisateurs sont collect\u00e9es et trait\u00e9es conform\u00e9ment \u00e0 la loi \u00ab\u00a0Informatique et Libert\u00e9s\u00a0\u00bb du 6 janvier 1978 modifi\u00e9e. Les utilisateurs disposent d&rsquo;un droit d&rsquo;acc\u00e8s, de modification et de suppression de leurs donn\u00e9es personnelles.<\/p><h4>7. Cookies<\/h4><p dir=\"auto\">Le site utilise des cookies pour am\u00e9liorer l&rsquo;exp\u00e9rience utilisateur. Les utilisateurs peuvent d\u00e9sactiver les cookies dans les param\u00e8tres de leur navigateur.<\/p><h4>8. Droit applicable<\/h4><p dir=\"auto\">Les pr\u00e9sentes CGU sont soumises au droit fran\u00e7ais. Tout litige relatif \u00e0 l&rsquo;interpr\u00e9tation ou \u00e0 l&rsquo;ex\u00e9cution des pr\u00e9sentes CGU sera soumis \u00e0 la comp\u00e9tence exclusive des tribunaux fran\u00e7ais.<\/p>\t\t\t\t\t\t\t\t<\/div>\n\t\t\t\t<\/div>\n\t\t\t\t\t<\/div>\n\t\t\t\t<\/div>\n\t\t\t\t<\/div>","protected":false},"excerpt":{"rendered":"<p>Conditions G\u00e9n\u00e9rales de Vente (CGV) \u00a0 1. Objet Les pr\u00e9sentes Conditions G\u00e9n\u00e9rales de Vente (CGV) ont pour objet de d\u00e9finir [&hellip;]<\/p>\n","protected":false},"author":1,"featured_media":0,"parent":0,"menu_order":0,"comment_status":"closed","ping_status":"closed","template":"","meta":{"site-sidebar-layout":"no-sidebar","site-content-layout":"page-builder","ast-site-content-layout":"full-width-container","site-content-style":"default","site-sidebar-style":"default","ast-global-header-display":"","ast-banner-title-visibility":"","ast-main-header-display":"","ast-hfb-above-header-display":"","ast-hfb-below-header-display":"","ast-hfb-mobile-header-display":"","site-post-title":"disabled","ast-breadcrumbs-content":"","ast-featured-img":"disabled","footer-sml-layout":"","ast-disable-related-posts":"","theme-transparent-header-meta":"","adv-header-id-meta":"","stick-header-meta":"","header-above-stick-meta":"","header-main-stick-meta":"","header-below-stick-meta":"","astra-migrate-meta-layouts":"set","ast-page-background-enabled":"default","ast-page-background-meta":{"desktop":{"background-color":"","background-image":"","background-repeat":"repeat","background-position":"center center","background-size":"auto","background-attachment":"scroll","background-type":"","background-media":"","overlay-type":"","overlay-color":"","overlay-opacity":"","overlay-gradient":""},"tablet":{"background-color":"","background-image":"","background-repeat":"repeat","background-position":"center center","background-size":"auto","background-attachment":"scroll","background-type":"","background-media":"","overlay-type":"","overlay-color":"","overlay-opacity":"","overlay-gradient":""},"mobile":{"background-color":"","background-image":"","background-repeat":"repeat","background-position":"center center","background-size":"auto","background-attachment":"scroll","background-type":"","background-media":"","overlay-type":"","overlay-color":"","overlay-opacity":"","overlay-gradient":""}},"ast-content-background-meta":{"desktop":{"background-color":"var(--ast-global-color-5)","background-image":"","background-repeat":"repeat","background-position":"center center","background-size":"auto","background-attachment":"scroll","background-type":"","background-media":"","overlay-type":"","overlay-color":"","overlay-opacity":"","overlay-gradient":""},"tablet":{"background-color":"var(--ast-global-color-5)","background-image":"","background-repeat":"repeat","background-position":"center center","background-size":"auto","background-attachment":"scroll","background-type":"","background-media":"","overlay-type":"","overlay-color":"","overlay-opacity":"","overlay-gradient":""},"mobile":{"background-color":"var(--ast-global-color-5)","background-image":"","background-repeat":"repeat","background-position":"center center","background-size":"auto","background-attachment":"scroll","background-type":"","background-media":"","overlay-type":"","overlay-color":"","overlay-opacity":"","overlay-gradient":""}},"footnotes":""},"class_list":["post-9667","page","type-page","status-publish","hentry"],"jetpack_sharing_enabled":true,"_links":{"self":[{"href":"https:\/\/wintercafe.fr\/en\/wp-json\/wp\/v2\/pages\/9667","targetHints":{"allow":["GET"]}}],"collection":[{"href":"https:\/\/wintercafe.fr\/en\/wp-json\/wp\/v2\/pages"}],"about":[{"href":"https:\/\/wintercafe.fr\/en\/wp-json\/wp\/v2\/types\/page"}],"author":[{"embeddable":true,"href":"https:\/\/wintercafe.fr\/en\/wp-json\/wp\/v2\/users\/1"}],"replies":[{"embeddable":true,"href":"https:\/\/wintercafe.fr\/en\/wp-json\/wp\/v2\/comments?post=9667"}],"version-history":[{"count":0,"href":"https:\/\/wintercafe.fr\/en\/wp-json\/wp\/v2\/pages\/9667\/revisions"}],"wp:attachment":[{"href":"https:\/\/wintercafe.fr\/en\/wp-json\/wp\/v2\/media?parent=9667"}],"curies":[{"name":"wp","href":"https:\/\/api.w.org\/{rel}","templated":true}]}}