{"id":1196,"date":"2025-01-02T20:59:43","date_gmt":"2025-01-02T20:59:43","guid":{"rendered":"http:\/\/wintercafe25.local\/?post_type=product&#038;p=1196"},"modified":"2025-11-21T17:19:05","modified_gmt":"2025-11-21T16:19:05","slug":"the-classic","status":"publish","type":"product","link":"https:\/\/wintercafe.fr\/en\/product\/the-classic\/","title":{"rendered":"LE CLASSIC"},"content":{"rendered":"<p><span dir=\"auto\" style=\"vertical-align: inherit;\"><span dir=\"auto\" style=\"vertical-align: inherit;\">Sauce ketchup, hach\u00e9 de boeuf fa\u00e7on bouch\u00e8re, salade, tomate, oignon rouge, cornichon<\/span><\/span><\/p>","protected":false},"excerpt":{"rendered":"<p><span dir=\"auto\" style=\"vertical-align: inherit;\">Sauce ketchup, hach\u00e9 de boeuf fa\u00e7on bouch\u00e8re, salade, tomate, oignon rouge, cornichon<\/span><\/p>","protected":false},"featured_media":0,"template":"","meta":{"site-sidebar-layout":"default","site-content-layout":"","ast-site-content-layout":"default","site-content-style":"default","site-sidebar-style":"default","ast-global-header-display":"","ast-banner-title-visibility":"","ast-main-header-display":"","ast-hfb-above-header-display":"","ast-hfb-below-header-display":"","ast-hfb-mobile-header-display":"","site-post-title":"","ast-breadcrumbs-content":"","ast-featured-img":"","footer-sml-layout":"","ast-disable-related-posts":"","theme-transparent-header-meta":"default","adv-header-id-meta":"","stick-header-meta":"","header-above-stick-meta":"","header-main-stick-meta":"","header-below-stick-meta":"","astra-migrate-meta-layouts":"set","ast-page-background-enabled":"default","ast-page-background-meta":{"desktop":{"background-color":"var(--ast-global-color-5)","background-image":"","background-repeat":"repeat","background-position":"center center","background-size":"auto","background-attachment":"scroll","background-type":"","background-media":"","overlay-type":"","overlay-color":"","overlay-opacity":"","overlay-gradient":""},"tablet":{"background-color":"","background-image":"","background-repeat":"repeat","background-position":"center center","background-size":"auto","background-attachment":"scroll","background-type":"","background-media":"","overlay-type":"","overlay-color":"","overlay-opacity":"","overlay-gradient":""},"mobile":{"background-color":"","background-image":"","background-repeat":"repeat","background-position":"center center","background-size":"auto","background-attachment":"scroll","background-type":"","background-media":"","overlay-type":"","overlay-color":"","overlay-opacity":"","overlay-gradient":""}},"ast-content-background-meta":{"desktop":{"background-color":"var(--ast-global-color-4)","background-image":"","background-repeat":"repeat","background-position":"center center","background-size":"auto","background-attachment":"scroll","background-type":"","background-media":"","overlay-type":"","overlay-color":"","overlay-opacity":"","overlay-gradient":""},"tablet":{"background-color":"var(--ast-global-color-4)","background-image":"","background-repeat":"repeat","background-position":"center center","background-size":"auto","background-attachment":"scroll","background-type":"","background-media":"","overlay-type":"","overlay-color":"","overlay-opacity":"","overlay-gradient":""},"mobile":{"background-color":"var(--ast-global-color-4)","background-image":"","background-repeat":"repeat","background-position":"center center","background-size":"auto","background-attachment":"scroll","background-type":"","background-media":"","overlay-type":"","overlay-color":"","overlay-opacity":"","overlay-gradient":""}}},"product_brand":[],"product_cat":[29,124],"product_tag":[],"class_list":{"0":"post-1196","1":"product","2":"type-product","3":"status-publish","5":"product_cat-burger","6":"product_cat-themer-tets","7":"desktop-align-left","8":"tablet-align-left","9":"mobile-align-left","11":"first","12":"instock","13":"shipping-taxable","14":"purchasable","15":"product-type-simple"},"jetpack_sharing_enabled":true,"_links":{"self":[{"href":"https:\/\/wintercafe.fr\/en\/wp-json\/wp\/v2\/product\/1196","targetHints":{"allow":["GET"]}}],"collection":[{"href":"https:\/\/wintercafe.fr\/en\/wp-json\/wp\/v2\/product"}],"about":[{"href":"https:\/\/wintercafe.fr\/en\/wp-json\/wp\/v2\/types\/product"}],"version-history":[{"count":5,"href":"https:\/\/wintercafe.fr\/en\/wp-json\/wp\/v2\/product\/1196\/revisions"}],"predecessor-version":[{"id":11352,"href":"https:\/\/wintercafe.fr\/en\/wp-json\/wp\/v2\/product\/1196\/revisions\/11352"}],"wp:attachment":[{"href":"https:\/\/wintercafe.fr\/en\/wp-json\/wp\/v2\/media?parent=1196"}],"wp:term":[{"taxonomy":"product_brand","embeddable":true,"href":"https:\/\/wintercafe.fr\/en\/wp-json\/wp\/v2\/product_brand?post=1196"},{"taxonomy":"product_cat","embeddable":true,"href":"https:\/\/wintercafe.fr\/en\/wp-json\/wp\/v2\/product_cat?post=1196"},{"taxonomy":"product_tag","embeddable":true,"href":"https:\/\/wintercafe.fr\/en\/wp-json\/wp\/v2\/product_tag?post=1196"}],"curies":[{"name":"wp","href":"https:\/\/api.w.org\/{rel}","templated":true}]}}