{"id":1256,"date":"2025-01-02T20:59:56","date_gmt":"2025-01-02T20:59:56","guid":{"rendered":"http:\/\/wintercafe25.local\/?post_type=product&#038;p=1256"},"modified":"2026-04-28T14:20:33","modified_gmt":"2026-04-28T12:20:33","slug":"brasserie-744-ambree-5-8","status":"publish","type":"product","link":"https:\/\/wintercafe.fr\/en\/product\/brasserie-744-ambree-5-8\/","title":{"rendered":"Rousse IPA de l&rsquo;ours"},"content":{"rendered":"<p>Compos\u00e9e de 9 malts diff\u00e9rents, elle r\u00e9v\u00e8le une amertume tout en rondeur et g\u00e9n\u00e9rosit\u00e9. Son c\u00f4t\u00e9 fruit\u00e9 fait rapidement place \u00e0 des ar\u00f4mes chaleureux d\u2019orge torr\u00e9fi\u00e9e, qui \u00e9voquent le cacao et les fruits \u00e0 coque.<\/p>","protected":false},"excerpt":{"rendered":"<p>Compos\u00e9e de 9 malts diff\u00e9rents, elle r\u00e9v\u00e8le une amertume tout en rondeur et g\u00e9n\u00e9rosit\u00e9. Son c\u00f4t\u00e9 fruit\u00e9 fait rapidement place \u00e0 des ar\u00f4mes chaleureux d\u2019orge torr\u00e9fi\u00e9e, qui \u00e9voquent le cacao et les fruits \u00e0 coque.<\/p>","protected":false},"featured_media":0,"template":"","meta":{"site-sidebar-layout":"default","site-content-layout":"","ast-site-content-layout":"default","site-content-style":"default","site-sidebar-style":"default","ast-global-header-display":"","ast-banner-title-visibility":"","ast-main-header-display":"","ast-hfb-above-header-display":"","ast-hfb-below-header-display":"","ast-hfb-mobile-header-display":"","site-post-title":"","ast-breadcrumbs-content":"","ast-featured-img":"","footer-sml-layout":"","ast-disable-related-posts":"","theme-transparent-header-meta":"default","adv-header-id-meta":"","stick-header-meta":"","header-above-stick-meta":"","header-main-stick-meta":"","header-below-stick-meta":"","astra-migrate-meta-layouts":"set","ast-page-background-enabled":"default","ast-page-background-meta":{"desktop":{"background-color":"var(--ast-global-color-5)","background-image":"","background-repeat":"repeat","background-position":"center center","background-size":"auto","background-attachment":"scroll","background-type":"","background-media":"","overlay-type":"","overlay-color":"","overlay-opacity":"","overlay-gradient":""},"tablet":{"background-color":"","background-image":"","background-repeat":"repeat","background-position":"center center","background-size":"auto","background-attachment":"scroll","background-type":"","background-media":"","overlay-type":"","overlay-color":"","overlay-opacity":"","overlay-gradient":""},"mobile":{"background-color":"","background-image":"","background-repeat":"repeat","background-position":"center center","background-size":"auto","background-attachment":"scroll","background-type":"","background-media":"","overlay-type":"","overlay-color":"","overlay-opacity":"","overlay-gradient":""}},"ast-content-background-meta":{"desktop":{"background-color":"var(--ast-global-color-4)","background-image":"","background-repeat":"repeat","background-position":"center center","background-size":"auto","background-attachment":"scroll","background-type":"","background-media":"","overlay-type":"","overlay-color":"","overlay-opacity":"","overlay-gradient":""},"tablet":{"background-color":"var(--ast-global-color-4)","background-image":"","background-repeat":"repeat","background-position":"center center","background-size":"auto","background-attachment":"scroll","background-type":"","background-media":"","overlay-type":"","overlay-color":"","overlay-opacity":"","overlay-gradient":""},"mobile":{"background-color":"var(--ast-global-color-4)","background-image":"","background-repeat":"repeat","background-position":"center center","background-size":"auto","background-attachment":"scroll","background-type":"","background-media":"","overlay-type":"","overlay-color":"","overlay-opacity":"","overlay-gradient":""}}},"product_brand":[],"product_cat":[47,77,74],"product_tag":[],"class_list":{"0":"post-1256","1":"product","2":"type-product","3":"status-publish","5":"product_cat-aperos","6":"product_cat-biere-bio","7":"product_cat-bieres","8":"desktop-align-left","9":"tablet-align-left","10":"mobile-align-left","12":"first","13":"outofstock","14":"shipping-taxable","15":"purchasable","16":"product-type-simple"},"jetpack_sharing_enabled":true,"_links":{"self":[{"href":"https:\/\/wintercafe.fr\/en\/wp-json\/wp\/v2\/product\/1256","targetHints":{"allow":["GET"]}}],"collection":[{"href":"https:\/\/wintercafe.fr\/en\/wp-json\/wp\/v2\/product"}],"about":[{"href":"https:\/\/wintercafe.fr\/en\/wp-json\/wp\/v2\/types\/product"}],"version-history":[{"count":0,"href":"https:\/\/wintercafe.fr\/en\/wp-json\/wp\/v2\/product\/1256\/revisions"}],"wp:attachment":[{"href":"https:\/\/wintercafe.fr\/en\/wp-json\/wp\/v2\/media?parent=1256"}],"wp:term":[{"taxonomy":"product_brand","embeddable":true,"href":"https:\/\/wintercafe.fr\/en\/wp-json\/wp\/v2\/product_brand?post=1256"},{"taxonomy":"product_cat","embeddable":true,"href":"https:\/\/wintercafe.fr\/en\/wp-json\/wp\/v2\/product_cat?post=1256"},{"taxonomy":"product_tag","embeddable":true,"href":"https:\/\/wintercafe.fr\/en\/wp-json\/wp\/v2\/product_tag?post=1256"}],"curies":[{"name":"wp","href":"https:\/\/api.w.org\/{rel}","templated":true}]}}