{"id":1259,"date":"2025-01-02T20:59:56","date_gmt":"2025-01-02T20:59:56","guid":{"rendered":"http:\/\/wintercafe25.local\/?post_type=product&#038;p=1259"},"modified":"2025-10-07T13:30:44","modified_gmt":"2025-10-07T13:30:44","slug":"brasserie-744-blonde-fruit-rouge","status":"publish","type":"product","link":"https:\/\/wintercafe.fr\/en\/product\/brasserie-744-blonde-fruit-rouge\/","title":{"rendered":"VERVEINE de l&rsquo;ours"},"content":{"rendered":"<p>La\u00a0<strong>plus prim\u00e9e des Bi\u00e8res de l\u2019Ours<\/strong>. Cette bi\u00e8re blonde aromatis\u00e9e sugg\u00e8re des ar\u00f4mes menthol\u00e9s et herbac\u00e9s. L\u2019association d\u2019un houblon Colombus et d\u2019un houblon Fuggle cr\u00e9e une longueur en bouche et lib\u00e8re toute la fra\u00eecheur de la verveine<\/p>","protected":false},"excerpt":{"rendered":"<p>La\u00a0<strong>plus prim\u00e9e des Bi\u00e8res de l\u2019Ours<\/strong>. Cette bi\u00e8re blonde aromatis\u00e9e sugg\u00e8re des ar\u00f4mes menthol\u00e9s et herbac\u00e9s. L\u2019association d\u2019un houblon Colombus et d\u2019un houblon Fuggle cr\u00e9e une longueur en bouche et lib\u00e8re toute la fra\u00eecheur de la verveine<\/p>","protected":false},"featured_media":0,"template":"","meta":{"site-sidebar-layout":"default","site-content-layout":"","ast-site-content-layout":"default","site-content-style":"default","site-sidebar-style":"default","ast-global-header-display":"","ast-banner-title-visibility":"","ast-main-header-display":"","ast-hfb-above-header-display":"","ast-hfb-below-header-display":"","ast-hfb-mobile-header-display":"","site-post-title":"","ast-breadcrumbs-content":"","ast-featured-img":"","footer-sml-layout":"","ast-disable-related-posts":"","theme-transparent-header-meta":"default","adv-header-id-meta":"","stick-header-meta":"","header-above-stick-meta":"","header-main-stick-meta":"","header-below-stick-meta":"","astra-migrate-meta-layouts":"set","ast-page-background-enabled":"default","ast-page-background-meta":{"desktop":{"background-color":"var(--ast-global-color-5)","background-image":"","background-repeat":"repeat","background-position":"center center","background-size":"auto","background-attachment":"scroll","background-type":"","background-media":"","overlay-type":"","overlay-color":"","overlay-opacity":"","overlay-gradient":""},"tablet":{"background-color":"","background-image":"","background-repeat":"repeat","background-position":"center center","background-size":"auto","background-attachment":"scroll","background-type":"","background-media":"","overlay-type":"","overlay-color":"","overlay-opacity":"","overlay-gradient":""},"mobile":{"background-color":"","background-image":"","background-repeat":"repeat","background-position":"center center","background-size":"auto","background-attachment":"scroll","background-type":"","background-media":"","overlay-type":"","overlay-color":"","overlay-opacity":"","overlay-gradient":""}},"ast-content-background-meta":{"desktop":{"background-color":"var(--ast-global-color-4)","background-image":"","background-repeat":"repeat","background-position":"center center","background-size":"auto","background-attachment":"scroll","background-type":"","background-media":"","overlay-type":"","overlay-color":"","overlay-opacity":"","overlay-gradient":""},"tablet":{"background-color":"var(--ast-global-color-4)","background-image":"","background-repeat":"repeat","background-position":"center center","background-size":"auto","background-attachment":"scroll","background-type":"","background-media":"","overlay-type":"","overlay-color":"","overlay-opacity":"","overlay-gradient":""},"mobile":{"background-color":"var(--ast-global-color-4)","background-image":"","background-repeat":"repeat","background-position":"center center","background-size":"auto","background-attachment":"scroll","background-type":"","background-media":"","overlay-type":"","overlay-color":"","overlay-opacity":"","overlay-gradient":""}}},"product_brand":[],"product_cat":[47,77,74],"product_tag":[],"class_list":{"0":"post-1259","1":"product","2":"type-product","3":"status-publish","5":"product_cat-aperos","6":"product_cat-biere-bio","7":"product_cat-bieres","8":"desktop-align-left","9":"tablet-align-left","10":"mobile-align-left","12":"first","13":"instock","14":"shipping-taxable","15":"purchasable","16":"product-type-simple"},"jetpack_sharing_enabled":true,"_links":{"self":[{"href":"https:\/\/wintercafe.fr\/en\/wp-json\/wp\/v2\/product\/1259","targetHints":{"allow":["GET"]}}],"collection":[{"href":"https:\/\/wintercafe.fr\/en\/wp-json\/wp\/v2\/product"}],"about":[{"href":"https:\/\/wintercafe.fr\/en\/wp-json\/wp\/v2\/types\/product"}],"version-history":[{"count":0,"href":"https:\/\/wintercafe.fr\/en\/wp-json\/wp\/v2\/product\/1259\/revisions"}],"wp:attachment":[{"href":"https:\/\/wintercafe.fr\/en\/wp-json\/wp\/v2\/media?parent=1259"}],"wp:term":[{"taxonomy":"product_brand","embeddable":true,"href":"https:\/\/wintercafe.fr\/en\/wp-json\/wp\/v2\/product_brand?post=1259"},{"taxonomy":"product_cat","embeddable":true,"href":"https:\/\/wintercafe.fr\/en\/wp-json\/wp\/v2\/product_cat?post=1259"},{"taxonomy":"product_tag","embeddable":true,"href":"https:\/\/wintercafe.fr\/en\/wp-json\/wp\/v2\/product_tag?post=1259"}],"curies":[{"name":"wp","href":"https:\/\/api.w.org\/{rel}","templated":true}]}}