{"id":1389,"date":"2025-01-02T21:00:20","date_gmt":"2025-01-02T21:00:20","guid":{"rendered":"http:\/\/wintercafe25.local\/?post_type=product&#038;p=1389"},"modified":"2026-03-29T18:01:54","modified_gmt":"2026-03-29T16:01:54","slug":"brewery-744-triple-7-4","status":"publish","type":"product","link":"https:\/\/wintercafe.fr\/en\/product\/brewery-744-triple-7-4\/","title":{"rendered":"Blanche de l&rsquo;ours"},"content":{"rendered":"<p>La\u00a0<strong>bi\u00e8re blanche de l\u2019Ours<\/strong>\u00a0se distingue des blanches traditionnelles par la couleur dor\u00e9e de sa robe.<br \/>\nElle pr\u00e9sente un nez \u00e9pic\u00e9 qui sugg\u00e8re les agrumes.<br \/>\nTr\u00e8s d\u00e9salt\u00e9rante, elle d\u00e9veloppe au palais de subtiles notes d\u2019acidit\u00e9.<\/p>","protected":false},"excerpt":{"rendered":"<p>La\u00a0<strong>bi\u00e8re blanche de l\u2019Ours<\/strong>\u00a0se distingue des blanches traditionnelles par la couleur dor\u00e9e de sa robe.<br \/>\nElle pr\u00e9sente un nez \u00e9pic\u00e9 qui sugg\u00e8re les agrumes.<br \/>\nTr\u00e8s d\u00e9salt\u00e9rante, elle d\u00e9veloppe au palais de subtiles notes d\u2019acidit\u00e9.<\/p>","protected":false},"featured_media":0,"template":"","meta":{"site-sidebar-layout":"default","site-content-layout":"","ast-site-content-layout":"default","site-content-style":"default","site-sidebar-style":"default","ast-global-header-display":"","ast-banner-title-visibility":"","ast-main-header-display":"","ast-hfb-above-header-display":"","ast-hfb-below-header-display":"","ast-hfb-mobile-header-display":"","site-post-title":"","ast-breadcrumbs-content":"","ast-featured-img":"","footer-sml-layout":"","ast-disable-related-posts":"","theme-transparent-header-meta":"default","adv-header-id-meta":"","stick-header-meta":"","header-above-stick-meta":"","header-main-stick-meta":"","header-below-stick-meta":"","astra-migrate-meta-layouts":"set","ast-page-background-enabled":"default","ast-page-background-meta":{"desktop":{"background-color":"var(--ast-global-color-5)","background-image":"","background-repeat":"repeat","background-position":"center center","background-size":"auto","background-attachment":"scroll","background-type":"","background-media":"","overlay-type":"","overlay-color":"","overlay-opacity":"","overlay-gradient":""},"tablet":{"background-color":"","background-image":"","background-repeat":"repeat","background-position":"center center","background-size":"auto","background-attachment":"scroll","background-type":"","background-media":"","overlay-type":"","overlay-color":"","overlay-opacity":"","overlay-gradient":""},"mobile":{"background-color":"","background-image":"","background-repeat":"repeat","background-position":"center center","background-size":"auto","background-attachment":"scroll","background-type":"","background-media":"","overlay-type":"","overlay-color":"","overlay-opacity":"","overlay-gradient":""}},"ast-content-background-meta":{"desktop":{"background-color":"var(--ast-global-color-4)","background-image":"","background-repeat":"repeat","background-position":"center center","background-size":"auto","background-attachment":"scroll","background-type":"","background-media":"","overlay-type":"","overlay-color":"","overlay-opacity":"","overlay-gradient":""},"tablet":{"background-color":"var(--ast-global-color-4)","background-image":"","background-repeat":"repeat","background-position":"center center","background-size":"auto","background-attachment":"scroll","background-type":"","background-media":"","overlay-type":"","overlay-color":"","overlay-opacity":"","overlay-gradient":""},"mobile":{"background-color":"var(--ast-global-color-4)","background-image":"","background-repeat":"repeat","background-position":"center center","background-size":"auto","background-attachment":"scroll","background-type":"","background-media":"","overlay-type":"","overlay-color":"","overlay-opacity":"","overlay-gradient":""}}},"product_brand":[],"product_cat":[47,77,74],"product_tag":[],"class_list":{"0":"post-1389","1":"product","2":"type-product","3":"status-publish","5":"product_cat-aperos","6":"product_cat-biere-bio","7":"product_cat-bieres","8":"desktop-align-left","9":"tablet-align-left","10":"mobile-align-left","12":"first","13":"outofstock","14":"shipping-taxable","15":"purchasable","16":"product-type-simple"},"jetpack_sharing_enabled":true,"_links":{"self":[{"href":"https:\/\/wintercafe.fr\/en\/wp-json\/wp\/v2\/product\/1389","targetHints":{"allow":["GET"]}}],"collection":[{"href":"https:\/\/wintercafe.fr\/en\/wp-json\/wp\/v2\/product"}],"about":[{"href":"https:\/\/wintercafe.fr\/en\/wp-json\/wp\/v2\/types\/product"}],"version-history":[{"count":0,"href":"https:\/\/wintercafe.fr\/en\/wp-json\/wp\/v2\/product\/1389\/revisions"}],"wp:attachment":[{"href":"https:\/\/wintercafe.fr\/en\/wp-json\/wp\/v2\/media?parent=1389"}],"wp:term":[{"taxonomy":"product_brand","embeddable":true,"href":"https:\/\/wintercafe.fr\/en\/wp-json\/wp\/v2\/product_brand?post=1389"},{"taxonomy":"product_cat","embeddable":true,"href":"https:\/\/wintercafe.fr\/en\/wp-json\/wp\/v2\/product_cat?post=1389"},{"taxonomy":"product_tag","embeddable":true,"href":"https:\/\/wintercafe.fr\/en\/wp-json\/wp\/v2\/product_tag?post=1389"}],"curies":[{"name":"wp","href":"https:\/\/api.w.org\/{rel}","templated":true}]}}