{"id":9927,"date":"2025-09-24T15:38:57","date_gmt":"2025-09-24T15:38:57","guid":{"rendered":"https:\/\/wintercafe.fr\/?post_type=product&#038;p=9927"},"modified":"2025-10-07T13:10:10","modified_gmt":"2025-10-07T13:10:10","slug":"fin-du-monde-triple","status":"publish","type":"product","link":"https:\/\/wintercafe.fr\/en\/product\/fin-du-monde-triple\/","title":{"rendered":"FIN DU MONDE -TRIPLE 34cl"},"content":{"rendered":"<p>La Fin du Monde est une bi\u00e8re qu\u00e9b\u00e9coise de type trappiste brass\u00e9e par Unibroue.<\/p>\n<p>Cette bi\u00e8re \u00e0 triple fermentation, d\u2019une belle couleur blonde jaun\u00e2tre, poss\u00e8de une robe voil\u00e9e sur levure. Elle d\u00e9gage un nez fruit\u00e9 avec des effluves d\u2019agrumes, relev\u00e9s par un soup\u00e7on d\u2019\u00e9pices.<\/p>\n<p>En bouche, elle r\u00e9v\u00e8le un \u00e9quilibre parfait entre une douceur malt\u00e9e, une rondeur fruit\u00e9e et une finale l\u00e9g\u00e8rement cors\u00e9e, marqu\u00e9e par une amertume d\u00e9licate.<\/p>\n<p>Il s&rsquo;agit sans nul doute de la bi\u00e8re la plus renomm\u00e9e de la brasserie Unibroue.<\/p>","protected":false},"excerpt":{"rendered":"<p>La Fin du Monde est une bi\u00e8re qu\u00e9b\u00e9coise de type trappiste brass\u00e9e par Unibroue.<\/p>\n<p>Cette bi\u00e8re \u00e0 triple fermentation, d\u2019une belle couleur blonde jaun\u00e2tre, poss\u00e8de une robe voil\u00e9e sur levure. Elle d\u00e9gage un nez fruit\u00e9 avec des effluves d\u2019agrumes, relev\u00e9s par un soup\u00e7on d\u2019\u00e9pices.<\/p>\n<p>En bouche, elle r\u00e9v\u00e8le un \u00e9quilibre parfait entre une douceur malt\u00e9e, une rondeur fruit\u00e9e et une finale l\u00e9g\u00e8rement cors\u00e9e, marqu\u00e9e par une amertume d\u00e9licate.<\/p>\n<p>Il s&rsquo;agit sans nul doute de la bi\u00e8re la plus renomm\u00e9e de la brasserie Unibroue.<\/p>","protected":false},"featured_media":0,"template":"","meta":{"site-sidebar-layout":"default","site-content-layout":"","ast-site-content-layout":"default","site-content-style":"default","site-sidebar-style":"default","ast-global-header-display":"","ast-banner-title-visibility":"","ast-main-header-display":"","ast-hfb-above-header-display":"","ast-hfb-below-header-display":"","ast-hfb-mobile-header-display":"","site-post-title":"","ast-breadcrumbs-content":"","ast-featured-img":"","footer-sml-layout":"","ast-disable-related-posts":"","theme-transparent-header-meta":"default","adv-header-id-meta":"","stick-header-meta":"","header-above-stick-meta":"","header-main-stick-meta":"","header-below-stick-meta":"","astra-migrate-meta-layouts":"set","ast-page-background-enabled":"default","ast-page-background-meta":{"desktop":{"background-color":"var(--ast-global-color-5)","background-image":"","background-repeat":"repeat","background-position":"center center","background-size":"auto","background-attachment":"scroll","background-type":"","background-media":"","overlay-type":"","overlay-color":"","overlay-opacity":"","overlay-gradient":""},"tablet":{"background-color":"","background-image":"","background-repeat":"repeat","background-position":"center center","background-size":"auto","background-attachment":"scroll","background-type":"","background-media":"","overlay-type":"","overlay-color":"","overlay-opacity":"","overlay-gradient":""},"mobile":{"background-color":"","background-image":"","background-repeat":"repeat","background-position":"center center","background-size":"auto","background-attachment":"scroll","background-type":"","background-media":"","overlay-type":"","overlay-color":"","overlay-opacity":"","overlay-gradient":""}},"ast-content-background-meta":{"desktop":{"background-color":"var(--ast-global-color-4)","background-image":"","background-repeat":"repeat","background-position":"center center","background-size":"auto","background-attachment":"scroll","background-type":"","background-media":"","overlay-type":"","overlay-color":"","overlay-opacity":"","overlay-gradient":""},"tablet":{"background-color":"var(--ast-global-color-4)","background-image":"","background-repeat":"repeat","background-position":"center center","background-size":"auto","background-attachment":"scroll","background-type":"","background-media":"","overlay-type":"","overlay-color":"","overlay-opacity":"","overlay-gradient":""},"mobile":{"background-color":"var(--ast-global-color-4)","background-image":"","background-repeat":"repeat","background-position":"center center","background-size":"auto","background-attachment":"scroll","background-type":"","background-media":"","overlay-type":"","overlay-color":"","overlay-opacity":"","overlay-gradient":""}}},"product_brand":[],"product_cat":[47,78],"product_tag":[],"class_list":{"0":"post-9927","1":"product","2":"type-product","3":"status-publish","5":"product_cat-aperos","6":"product_cat-biere-du-quebec","7":"desktop-align-left","8":"tablet-align-left","9":"mobile-align-left","11":"first","12":"instock","13":"shipping-taxable","14":"purchasable","15":"product-type-simple"},"jetpack_sharing_enabled":true,"_links":{"self":[{"href":"https:\/\/wintercafe.fr\/en\/wp-json\/wp\/v2\/product\/9927","targetHints":{"allow":["GET"]}}],"collection":[{"href":"https:\/\/wintercafe.fr\/en\/wp-json\/wp\/v2\/product"}],"about":[{"href":"https:\/\/wintercafe.fr\/en\/wp-json\/wp\/v2\/types\/product"}],"version-history":[{"count":0,"href":"https:\/\/wintercafe.fr\/en\/wp-json\/wp\/v2\/product\/9927\/revisions"}],"wp:attachment":[{"href":"https:\/\/wintercafe.fr\/en\/wp-json\/wp\/v2\/media?parent=9927"}],"wp:term":[{"taxonomy":"product_brand","embeddable":true,"href":"https:\/\/wintercafe.fr\/en\/wp-json\/wp\/v2\/product_brand?post=9927"},{"taxonomy":"product_cat","embeddable":true,"href":"https:\/\/wintercafe.fr\/en\/wp-json\/wp\/v2\/product_cat?post=9927"},{"taxonomy":"product_tag","embeddable":true,"href":"https:\/\/wintercafe.fr\/en\/wp-json\/wp\/v2\/product_tag?post=9927"}],"curies":[{"name":"wp","href":"https:\/\/api.w.org\/{rel}","templated":true}]}}