{"id":9933,"date":"2025-09-24T18:14:37","date_gmt":"2025-09-24T18:14:37","guid":{"rendered":"https:\/\/wintercafe.fr\/?post_type=product&#038;p=9933"},"modified":"2026-04-28T14:20:05","modified_gmt":"2026-04-28T12:20:05","slug":"pisse-du-caribou-75cl","status":"publish","type":"product","link":"https:\/\/wintercafe.fr\/en\/product\/pisse-du-caribou-75cl\/","title":{"rendered":"PISSE DU CARIBOU 75cl"},"content":{"rendered":"<p>Sous l\u2019\u00e9tiquette d\u2019un caribou d\u00e9jant\u00e9, se cache une bi\u00e8re blonde de haute fermentation au vu de sa robe orang\u00e9e trouble et son d\u00e9p\u00f4t en fond de bouteille.<\/p>\n<p>La mousse blanche de cette bi\u00e8re retombe lentement en d\u00e9gageant d&rsquo;agr\u00e9ables parfums rafraichissants.<\/p>","protected":false},"excerpt":{"rendered":"<p>Sous l\u2019\u00e9tiquette d\u2019un caribou d\u00e9jant\u00e9, se cache une bi\u00e8re blonde de haute fermentation au vu de sa robe orang\u00e9e trouble et son d\u00e9p\u00f4t en fond de bouteille.<\/p>\n<p>La mousse blanche de cette bi\u00e8re retombe lentement en d\u00e9gageant d&rsquo;agr\u00e9ables parfums rafraichissants.<\/p>","protected":false},"featured_media":0,"template":"","meta":{"site-sidebar-layout":"default","site-content-layout":"","ast-site-content-layout":"default","site-content-style":"default","site-sidebar-style":"default","ast-global-header-display":"","ast-banner-title-visibility":"","ast-main-header-display":"","ast-hfb-above-header-display":"","ast-hfb-below-header-display":"","ast-hfb-mobile-header-display":"","site-post-title":"","ast-breadcrumbs-content":"","ast-featured-img":"","footer-sml-layout":"","ast-disable-related-posts":"","theme-transparent-header-meta":"default","adv-header-id-meta":"","stick-header-meta":"","header-above-stick-meta":"","header-main-stick-meta":"","header-below-stick-meta":"","astra-migrate-meta-layouts":"set","ast-page-background-enabled":"default","ast-page-background-meta":{"desktop":{"background-color":"var(--ast-global-color-5)","background-image":"","background-repeat":"repeat","background-position":"center center","background-size":"auto","background-attachment":"scroll","background-type":"","background-media":"","overlay-type":"","overlay-color":"","overlay-opacity":"","overlay-gradient":""},"tablet":{"background-color":"","background-image":"","background-repeat":"repeat","background-position":"center center","background-size":"auto","background-attachment":"scroll","background-type":"","background-media":"","overlay-type":"","overlay-color":"","overlay-opacity":"","overlay-gradient":""},"mobile":{"background-color":"","background-image":"","background-repeat":"repeat","background-position":"center center","background-size":"auto","background-attachment":"scroll","background-type":"","background-media":"","overlay-type":"","overlay-color":"","overlay-opacity":"","overlay-gradient":""}},"ast-content-background-meta":{"desktop":{"background-color":"var(--ast-global-color-4)","background-image":"","background-repeat":"repeat","background-position":"center center","background-size":"auto","background-attachment":"scroll","background-type":"","background-media":"","overlay-type":"","overlay-color":"","overlay-opacity":"","overlay-gradient":""},"tablet":{"background-color":"var(--ast-global-color-4)","background-image":"","background-repeat":"repeat","background-position":"center center","background-size":"auto","background-attachment":"scroll","background-type":"","background-media":"","overlay-type":"","overlay-color":"","overlay-opacity":"","overlay-gradient":""},"mobile":{"background-color":"var(--ast-global-color-4)","background-image":"","background-repeat":"repeat","background-position":"center center","background-size":"auto","background-attachment":"scroll","background-type":"","background-media":"","overlay-type":"","overlay-color":"","overlay-opacity":"","overlay-gradient":""}}},"product_brand":[],"product_cat":[47,78],"product_tag":[],"class_list":{"0":"post-9933","1":"product","2":"type-product","3":"status-publish","5":"product_cat-aperos","6":"product_cat-biere-du-quebec","7":"desktop-align-left","8":"tablet-align-left","9":"mobile-align-left","11":"first","12":"outofstock","13":"shipping-taxable","14":"purchasable","15":"product-type-simple"},"jetpack_sharing_enabled":true,"_links":{"self":[{"href":"https:\/\/wintercafe.fr\/en\/wp-json\/wp\/v2\/product\/9933","targetHints":{"allow":["GET"]}}],"collection":[{"href":"https:\/\/wintercafe.fr\/en\/wp-json\/wp\/v2\/product"}],"about":[{"href":"https:\/\/wintercafe.fr\/en\/wp-json\/wp\/v2\/types\/product"}],"version-history":[{"count":0,"href":"https:\/\/wintercafe.fr\/en\/wp-json\/wp\/v2\/product\/9933\/revisions"}],"wp:attachment":[{"href":"https:\/\/wintercafe.fr\/en\/wp-json\/wp\/v2\/media?parent=9933"}],"wp:term":[{"taxonomy":"product_brand","embeddable":true,"href":"https:\/\/wintercafe.fr\/en\/wp-json\/wp\/v2\/product_brand?post=9933"},{"taxonomy":"product_cat","embeddable":true,"href":"https:\/\/wintercafe.fr\/en\/wp-json\/wp\/v2\/product_cat?post=9933"},{"taxonomy":"product_tag","embeddable":true,"href":"https:\/\/wintercafe.fr\/en\/wp-json\/wp\/v2\/product_tag?post=9933"}],"curies":[{"name":"wp","href":"https:\/\/api.w.org\/{rel}","templated":true}]}}